{"id":12,"date":"2025-11-03T15:09:14","date_gmt":"2025-11-03T15:09:14","guid":{"rendered":"https:\/\/caminandoenlagracia.com\/?page_id=12"},"modified":"2025-11-12T18:06:09","modified_gmt":"2025-11-12T18:06:09","slug":"reviews","status":"publish","type":"page","link":"https:\/\/caminandoenlagracia.com\/es\/reviews\/","title":{"rendered":"Rese\u00f1as"},"content":{"rendered":"<div data-elementor-type=\"wp-page\" data-elementor-id=\"12\" class=\"elementor elementor-12\" data-elementor-post-type=\"page\">\n\t\t\t\t<div class=\"elementor-element elementor-element-f376253 e-flex e-con-boxed e-con e-parent\" data-id=\"f376253\" data-element_type=\"container\" data-settings=\"{&quot;background_background&quot;:&quot;classic&quot;}\">\n\t\t\t\t\t<div class=\"e-con-inner\">\n\t\t\t\t<div class=\"elementor-element elementor-element-ee4f4ec elementor-widget elementor-widget-heading\" data-id=\"ee4f4ec\" data-element_type=\"widget\" data-widget_type=\"heading.default\">\n\t\t\t\t\t<h1 class=\"elementor-heading-title elementor-size-default\">Testimonios de Gracia<\/h1>\t\t\t\t<\/div>\n\t\t\t\t\t<\/div>\n\t\t\t\t<\/div>\n\t\t<div class=\"elementor-element elementor-element-b558511 e-flex e-con-boxed e-con e-parent\" data-id=\"b558511\" data-element_type=\"container\" data-settings=\"{&quot;background_background&quot;:&quot;classic&quot;}\">\n\t\t\t\t\t<div class=\"e-con-inner\">\n\t\t<div class=\"elementor-element elementor-element-8e51d1b e-grid e-con-full e-con e-child\" data-id=\"8e51d1b\" data-element_type=\"container\">\n\t\t<div class=\"elementor-element elementor-element-51d8971 e-con-full e-flex e-con e-child\" data-id=\"51d8971\" data-element_type=\"container\" data-settings=\"{&quot;background_background&quot;:&quot;classic&quot;}\">\n\t\t\t\t<div class=\"elementor-element elementor-element-a529fb9 elementor-widget elementor-widget-text-editor\" data-id=\"a529fb9\" data-element_type=\"widget\" data-widget_type=\"text-editor.default\">\n\t\t\t\t\t\t\t\t\t\u201cPens\u00e9 que entend\u00eda lo que era la gracia: una doctrina, un serm\u00f3n, una palabra repetida en la iglesia. Pero este libro me hizo sentirla por primera vez. Llor\u00e9 a mitad del cap\u00edtulo tres porque alguien, por fin, puso en palabras las oraciones silenciosas de mi coraz\u00f3n.\u201d\n\t\t\t\t\t\t\t\t<\/div>\n\t\t\t\t<div class=\"elementor-element elementor-element-7851ff7 elementor-widget elementor-widget-text-editor\" data-id=\"7851ff7\" data-element_type=\"widget\" data-widget_type=\"text-editor.default\">\n\t\t\t\t\t\t\t\t\t<strong>\u2014 Sarah Mitchell, Texas, USA<\/strong>\t\t\t\t\t\t\t\t<\/div>\n\t\t\t\t<\/div>\n\t\t<div class=\"elementor-element elementor-element-5fa7f8f e-con-full e-flex e-con e-child\" data-id=\"5fa7f8f\" data-element_type=\"container\" data-settings=\"{&quot;background_background&quot;:&quot;classic&quot;}\">\n\t\t\t\t<div class=\"elementor-element elementor-element-fea4176 elementor-widget elementor-widget-text-editor\" data-id=\"fea4176\" data-element_type=\"widget\" data-widget_type=\"text-editor.default\">\n\t\t\t\t\t\t\t\t\t\u201cNo es un libro que lees y guardas. Es un libro que se queda contigo. Que camina contigo. En mi tiempo de p\u00e9rdida y preguntas sin respuesta, estas p\u00e1ginas me recordaron que Dios no nos espera en la meta. Nos encuentra en medio del polvo.\u201d\n\t\t\t\t\t\t\t\t<\/div>\n\t\t\t\t<div class=\"elementor-element elementor-element-d4a19ee elementor-widget elementor-widget-text-editor\" data-id=\"d4a19ee\" data-element_type=\"widget\" data-widget_type=\"text-editor.default\">\n\t\t\t\t\t\t\t\t\t<strong>\u2014 Daniel Romero, Buenos Aires, Argentina<\/strong>\t\t\t\t\t\t\t\t<\/div>\n\t\t\t\t<\/div>\n\t\t<div class=\"elementor-element elementor-element-64be381 e-con-full e-flex e-con e-child\" data-id=\"64be381\" data-element_type=\"container\" data-settings=\"{&quot;background_background&quot;:&quot;classic&quot;}\">\n\t\t\t\t<div class=\"elementor-element elementor-element-2e9e27e elementor-widget elementor-widget-text-editor\" data-id=\"2e9e27e\" data-element_type=\"widget\" data-widget_type=\"text-editor.default\">\n\t\t\t\t\t\t\t\t\t\u201cSoy cristiana desde hace m\u00e1s de veinte a\u00f1os, y aun as\u00ed nunca hab\u00eda entendido la diferencia entre misericordia y gracia como ahora. Este libro no me ense\u00f1\u00f3 m\u00e1s informaci\u00f3n \u2014me llev\u00f3 a un encuentro. Cerr\u00e9 la \u00faltima p\u00e1gina diciendo: \u2018Jes\u00fas, quiero volver a caminar contigo.\u2019\u201d\n\t\t\t\t\t\t\t\t<\/div>\n\t\t\t\t<div class=\"elementor-element elementor-element-25c224d elementor-widget elementor-widget-text-editor\" data-id=\"25c224d\" data-element_type=\"widget\" data-widget_type=\"text-editor.default\">\n\t\t\t\t\t\t\t\t\t<strong>\u2014 Rebecca Collins, Ontario, Canada<\/strong>\t\t\t\t\t\t\t\t<\/div>\n\t\t\t\t<\/div>\n\t\t<div class=\"elementor-element elementor-element-c1f16db e-con-full e-flex e-con e-child\" data-id=\"c1f16db\" data-element_type=\"container\" data-settings=\"{&quot;background_background&quot;:&quot;classic&quot;}\">\n\t\t\t\t<div class=\"elementor-element elementor-element-eebc0cf elementor-widget elementor-widget-text-editor\" data-id=\"eebc0cf\" data-element_type=\"widget\" data-widget_type=\"text-editor.default\">\n\t\t\t\t\t\t\t\t\t\u201cComo pastor, leo muchos libros teol\u00f3gicos. Este es distinto. Es teolog\u00eda con l\u00e1grimas. Verdad con cicatrices. Ya lo he citado en dos sermones y he regalado copias a personas cansadas, avergonzadas o quebradas en mi congregaci\u00f3n.\u201d\n\t\t\t\t\t\t\t\t<\/div>\n\t\t\t\t<div class=\"elementor-element elementor-element-e5f1dd9 elementor-widget elementor-widget-text-editor\" data-id=\"e5f1dd9\" data-element_type=\"widget\" data-widget_type=\"text-editor.default\">\n\t\t\t\t\t\t\t\t\t<strong>\u2014 Pastor Miguel Herrera, Madrid, Spain<\/strong>\t\t\t\t\t\t\t\t<\/div>\n\t\t\t\t<\/div>\n\t\t<div class=\"elementor-element elementor-element-f20e256 e-con-full e-flex e-con e-child\" data-id=\"f20e256\" data-element_type=\"container\" data-settings=\"{&quot;background_background&quot;:&quot;classic&quot;}\">\n\t\t\t\t<div class=\"elementor-element elementor-element-e0ae331 elementor-widget elementor-widget-text-editor\" data-id=\"e0ae331\" data-element_type=\"widget\" data-widget_type=\"text-editor.default\">\n\t\t\t\t\t\t\t\t\t\u201cEstaba enojada con Dios. Herida por la religi\u00f3n. Cansada de la iglesia. Compr\u00e9 este libro sin esperar nada\u2026 y me dej\u00f3 sin palabras. No me predic\u00f3. Se sent\u00f3 a mi lado. Sent\u00ed que alguien que tambi\u00e9n ha sido roto a\u00fan cree en la gracia.\u201d\n\t\t\t\t\t\t\t\t<\/div>\n\t\t\t\t<div class=\"elementor-element elementor-element-9b06ff1 elementor-widget elementor-widget-text-editor\" data-id=\"9b06ff1\" data-element_type=\"widget\" data-widget_type=\"text-editor.default\">\n\t\t\t\t\t\t\t\t\t<strong>\u2014 Laura Jenkins, California, USA<\/strong>\t\t\t\t\t\t\t\t<\/div>\n\t\t\t\t<\/div>\n\t\t<div class=\"elementor-element elementor-element-063f771 e-con-full e-flex e-con e-child\" data-id=\"063f771\" data-element_type=\"container\" data-settings=\"{&quot;background_background&quot;:&quot;classic&quot;}\">\n\t\t\t\t<div class=\"elementor-element elementor-element-9d93c06 elementor-widget elementor-widget-text-editor\" data-id=\"9d93c06\" data-element_type=\"widget\" data-widget_type=\"text-editor.default\">\n\t\t\t\t\t\t\t\t\t\u201cEste libro est\u00e1 lleno de frases peque\u00f1as\u2026 pero que se quedan en el alma. Escrib\u00ed muchas en mi diario. No ofrece respuestas f\u00e1ciles, pero s\u00ed muestra a un Dios que no abandona. Un Dios que camina. Despacio. Paciente. En gracia.\u201d\n\t\t\t\t\t\t\t\t<\/div>\n\t\t\t\t<div class=\"elementor-element elementor-element-ad60586 elementor-widget elementor-widget-text-editor\" data-id=\"ad60586\" data-element_type=\"widget\" data-widget_type=\"text-editor.default\">\n\t\t\t\t\t\t\t\t\t<strong>\u2014 Jos\u00e9 Mart\u00ednez, Monterrey, M\u00e9xico<\/strong>\t\t\t\t\t\t\t\t<\/div>\n\t\t\t\t<\/div>\n\t\t<div class=\"elementor-element elementor-element-2c7f4e5 e-con-full e-flex e-con e-child\" data-id=\"2c7f4e5\" data-element_type=\"container\" data-settings=\"{&quot;background_background&quot;:&quot;classic&quot;}\">\n\t\t\t\t<div class=\"elementor-element elementor-element-8e4fb9a elementor-widget elementor-widget-text-editor\" data-id=\"8e4fb9a\" data-element_type=\"widget\" data-widget_type=\"text-editor.default\">\n\t\t\t\t\t\t\t\t\t\u201cLo compr\u00e9 para una amiga que lucha con infertilidad\u2026 luego le\u00ed el primer cap\u00edtulo y termin\u00e9 ley\u00e9ndolo completo en dos d\u00edas. La honestidad, la esperanza, la presencia de Dios en cada historia\u2014poderoso. Voy a comprar tres copias m\u00e1s.\u201d\n\t\t\t\t\t\t\t\t<\/div>\n\t\t\t\t<div class=\"elementor-element elementor-element-d73028e elementor-widget elementor-widget-text-editor\" data-id=\"d73028e\" data-element_type=\"widget\" data-widget_type=\"text-editor.default\">\n\t\t\t\t\t\t\t\t\t<strong>\u2014 Emily Wright, London, UK<\/strong>\t\t\t\t\t\t\t\t<\/div>\n\t\t\t\t<\/div>\n\t\t\t\t<\/div>\n\t\t\t\t\t<\/div>\n\t\t\t\t<\/div>\n\t\t<div class=\"elementor-element elementor-element-2bcabed e-flex e-con-boxed e-con e-parent\" data-id=\"2bcabed\" data-element_type=\"container\" data-settings=\"{&quot;background_background&quot;:&quot;classic&quot;}\">\n\t\t\t\t\t<div class=\"e-con-inner\">\n\t\t\t\t<div class=\"elementor-element elementor-element-ed7008b elementor-widget elementor-widget-heading\" data-id=\"ed7008b\" data-element_type=\"widget\" data-widget_type=\"heading.default\">\n\t\t\t\t\t<h4 class=\"elementor-heading-title elementor-size-default\">No necesitas entenderlo todo para comenzar. <br>\nSolo necesitas dar el primer paso.<\/h4>\t\t\t\t<\/div>\n\t\t\t\t<div class=\"elementor-element elementor-element-66ad1b4 elementor-widget elementor-widget-heading\" data-id=\"66ad1b4\" data-element_type=\"widget\" data-widget_type=\"heading.default\">\n\t\t\t\t\t<h2 class=\"elementor-heading-title elementor-size-default\">Deja de esforzarte. |\nRecibe la gracia. |\nComienza el camino.<\/h2>\t\t\t\t<\/div>\n\t\t\t\t<div class=\"elementor-element elementor-element-8ba3080 elementor-align-center elementor-widget elementor-widget-button\" data-id=\"8ba3080\" data-element_type=\"widget\" data-widget_type=\"button.default\">\n\t\t\t\t\t\t\t\t\t\t<a class=\"elementor-button elementor-button-link elementor-size-sm\" href=\"https:\/\/a.co\/d\/ibScfkk\">\n\t\t\t\t\t\t<span class=\"elementor-button-content-wrapper\">\n\t\t\t\t\t\t<span class=\"elementor-button-icon\">\n\t\t\t\t<svg aria-hidden=\"true\" class=\"e-font-icon-svg e-fab-amazon\" viewbox=\"0 0 448 512\" xmlns=\"http:\/\/www.w3.org\/2000\/svg\"><path d=\"M257.2 162.7c-48.7 1.8-169.5 15.5-169.5 117.5 0 109.5 138.3 114 183.5 43.2 6.5 10.2 35.4 37.5 45.3 46.8l56.8-56S341 288.9 341 261.4V114.3C341 89 316.5 32 228.7 32 140.7 32 94 87 94 136.3l73.5 6.8c16.3-49.5 54.2-49.5 54.2-49.5 40.7-.1 35.5 29.8 35.5 69.1zm0 86.8c0 80-84.2 68-84.2 17.2 0-47.2 50.5-56.7 84.2-57.8v40.6zm136 163.5c-7.7 10-70 67-174.5 67S34.2 408.5 9.7 379c-6.8-7.7 1-11.3 5.5-8.3C88.5 415.2 203 488.5 387.7 401c7.5-3.7 13.3 2 5.5 12zm39.8 2.2c-6.5 15.8-16 26.8-21.2 31-5.5 4.5-9.5 2.7-6.5-3.8s19.3-46.5 12.7-55c-6.5-8.3-37-4.3-48-3.2-10.8 1-13 2-14-.3-2.3-5.7 21.7-15.5 37.5-17.5 15.7-1.8 41-.8 46 5.7 3.7 5.1 0 27.1-6.5 43.1z\"><\/path><\/svg>\t\t\t<\/span>\n\t\t\t\t\t\t\t\t\t<span class=\"elementor-button-text\">Compra ahora en Amazon<\/span>\n\t\t\t\t\t<\/span>\n\t\t\t\t\t<\/a>\n\t\t\t\t\t\t\t\t<\/div>\n\t\t\t\t\t<\/div>\n\t\t\t\t<\/div>\n\t\t\t\t<\/div>","protected":false},"excerpt":{"rendered":"<p>Testimonies of Grace \u201c I thought I knew what grace was \u2014 a doctrine, a sermon, a word repeated in church. But this book made me feel it for the first time. I found myself crying halfway through chapter three because it felt like someone finally put words to the silent prayers in my chest.\u201d [&hellip;]<\/p>","protected":false},"author":2,"featured_media":0,"parent":0,"menu_order":0,"comment_status":"closed","ping_status":"closed","template":"elementor_header_footer","meta":{"footnotes":""},"class_list":["post-12","page","type-page","status-publish","hentry"],"_links":{"self":[{"href":"https:\/\/caminandoenlagracia.com\/es\/wp-json\/wp\/v2\/pages\/12","targetHints":{"allow":["GET"]}}],"collection":[{"href":"https:\/\/caminandoenlagracia.com\/es\/wp-json\/wp\/v2\/pages"}],"about":[{"href":"https:\/\/caminandoenlagracia.com\/es\/wp-json\/wp\/v2\/types\/page"}],"author":[{"embeddable":true,"href":"https:\/\/caminandoenlagracia.com\/es\/wp-json\/wp\/v2\/users\/2"}],"replies":[{"embeddable":true,"href":"https:\/\/caminandoenlagracia.com\/es\/wp-json\/wp\/v2\/comments?post=12"}],"version-history":[{"count":6,"href":"https:\/\/caminandoenlagracia.com\/es\/wp-json\/wp\/v2\/pages\/12\/revisions"}],"predecessor-version":[{"id":261,"href":"https:\/\/caminandoenlagracia.com\/es\/wp-json\/wp\/v2\/pages\/12\/revisions\/261"}],"wp:attachment":[{"href":"https:\/\/caminandoenlagracia.com\/es\/wp-json\/wp\/v2\/media?parent=12"}],"curies":[{"name":"wp","href":"https:\/\/api.w.org\/{rel}","templated":true}]}}