{"id":15,"date":"2025-11-03T15:09:32","date_gmt":"2025-11-03T15:09:32","guid":{"rendered":"https:\/\/caminandoenlagracia.com\/?page_id=15"},"modified":"2025-11-12T18:06:03","modified_gmt":"2025-11-12T18:06:03","slug":"about-book","status":"publish","type":"page","link":"https:\/\/caminandoenlagracia.com\/es\/about-book\/","title":{"rendered":"Sobre el Libro"},"content":{"rendered":"<div data-elementor-type=\"wp-page\" data-elementor-id=\"15\" class=\"elementor elementor-15\" data-elementor-post-type=\"page\">\n\t\t\t\t<div class=\"elementor-element elementor-element-65e171a e-flex e-con-boxed e-con e-parent\" data-id=\"65e171a\" data-element_type=\"container\" data-settings=\"{&quot;background_background&quot;:&quot;classic&quot;}\">\n\t\t\t\t\t<div class=\"e-con-inner\">\n\t\t\t\t<div class=\"elementor-element elementor-element-d06b2eb elementor-widget elementor-widget-heading\" data-id=\"d06b2eb\" data-element_type=\"widget\" data-widget_type=\"heading.default\">\n\t\t\t\t\t<h1 class=\"elementor-heading-title elementor-size-default\">Sobre el Libro<\/h1>\t\t\t\t<\/div>\n\t\t\t\t\t<\/div>\n\t\t\t\t<\/div>\n\t\t<div class=\"elementor-element elementor-element-4daed13 e-flex e-con-boxed e-con e-parent\" data-id=\"4daed13\" data-element_type=\"container\" data-settings=\"{&quot;background_background&quot;:&quot;classic&quot;}\">\n\t\t\t\t\t<div class=\"e-con-inner\">\n\t\t<div class=\"elementor-element elementor-element-ab8474a e-con-full e-flex e-con e-child\" data-id=\"ab8474a\" data-element_type=\"container\">\n\t\t\t\t<div class=\"elementor-element elementor-element-570a376 elementor-widget elementor-widget-image\" data-id=\"570a376\" data-element_type=\"widget\" data-widget_type=\"image.default\">\n\t\t\t\t\t\t\t\t\t\t\t\t\t\t\t<img fetchpriority=\"high\" decoding=\"async\" width=\"800\" height=\"651\" src=\"https:\/\/caminandoenlagracia.com\/wp-content\/uploads\/2025\/11\/Book-walking-in-Grace.png-1-1024x833.webp\" class=\"attachment-large size-large wp-image-43\" alt=\"\" srcset=\"https:\/\/caminandoenlagracia.com\/wp-content\/uploads\/2025\/11\/Book-walking-in-Grace.png-1-1024x833.webp 1024w, https:\/\/caminandoenlagracia.com\/wp-content\/uploads\/2025\/11\/Book-walking-in-Grace.png-1-300x244.webp 300w, https:\/\/caminandoenlagracia.com\/wp-content\/uploads\/2025\/11\/Book-walking-in-Grace.png-1-768x625.webp 768w, https:\/\/caminandoenlagracia.com\/wp-content\/uploads\/2025\/11\/Book-walking-in-Grace.png-1-1536x1249.webp 1536w, https:\/\/caminandoenlagracia.com\/wp-content\/uploads\/2025\/11\/Book-walking-in-Grace.png-1-2048x1666.webp 2048w\" sizes=\"(max-width: 800px) 100vw, 800px\" \/>\t\t\t\t\t\t\t\t\t\t\t\t\t\t\t<\/div>\n\t\t\t\t<\/div>\n\t\t<div class=\"elementor-element elementor-element-5cf42a3 e-con-full e-flex e-con e-child\" data-id=\"5cf42a3\" data-element_type=\"container\">\n\t\t\t\t<div class=\"elementor-element elementor-element-38c0a1f elementor-widget elementor-widget-heading\" data-id=\"38c0a1f\" data-element_type=\"widget\" data-widget_type=\"heading.default\">\n\t\t\t\t\t<h2 class=\"elementor-heading-title elementor-size-default\">Acerca del libro\n<\/h2>\t\t\t\t<\/div>\n\t\t\t\t<div class=\"elementor-element elementor-element-82fea3c elementor-widget elementor-widget-text-editor\" data-id=\"82fea3c\" data-element_type=\"widget\" data-widget_type=\"text-editor.default\">\n\t\t\t\t\t\t\t\t\t\u201cCaminando en la Gracia\u201d no es un tratado teol\u00f3gico, ni un manual religioso. Es un viaje \u00edntimo al coraz\u00f3n del Evangelio: la Gracia de Dios revelada en Jesucristo.\t\t\t\t\t\t\t\t<\/div>\n\t\t\t\t<div class=\"elementor-element elementor-element-37b9211 elementor-widget elementor-widget-text-editor\" data-id=\"37b9211\" data-element_type=\"widget\" data-widget_type=\"text-editor.default\">\n\t\t\t\t\t\t\t\t\tA trav\u00e9s de catorce cap\u00edtulos, Aten\u00f3genes Roca \u2014pastor, esposo y padre\u2014 abre su coraz\u00f3n para compartir experiencias personales y testimonios reales que muestran c\u00f3mo la Gracia se hace presente en medio de la infertilidad, la escasez, la p\u00e9rdida, la c\u00e1rcel, la enfermedad y el quebranto. No como un concepto abstracto, sino como una Persona viva que transforma destinos.\n\t\t\t\t\t\t\t\t<\/div>\n\t\t\t\t<div class=\"elementor-element elementor-element-2168158 elementor-widget elementor-widget-text-editor\" data-id=\"2168158\" data-element_type=\"widget\" data-widget_type=\"text-editor.default\">\n\t\t\t\t\t\t\t\t\tEste libro es un di\u00e1logo entre el alma y Dios. Cada p\u00e1gina entrelaza la ense\u00f1anza b\u00edblica con historias de vida, creando un espacio donde la teolog\u00eda se vuelve experiencia y la fe se vuelve tangible. Encontrar\u00e1s frases ancla, oraciones devocionales y secciones para meditar que te invitar\u00e1n no solo a leer, sino a caminar paso a paso en esa Gracia que sostiene, restaura y renueva.\n\t\t\t\t\t\t\t\t<\/div>\n\t\t\t\t<div class=\"elementor-element elementor-element-fe82cfd elementor-widget elementor-widget-text-editor\" data-id=\"fe82cfd\" data-element_type=\"widget\" data-widget_type=\"text-editor.default\">\n\t\t\t\t\t\t\t\t\tM\u00e1s que un libro, es una conversaci\u00f3n con l\u00e1grimas, con verdad y con esperanza. Una invitaci\u00f3n a dejar atr\u00e1s el peso del esfuerzo religioso y a descubrir la libertad de ser hijo amado.\n\t\t\t\t\t\t\t\t<\/div>\n\t\t\t\t<div class=\"elementor-element elementor-element-da2036e elementor-widget elementor-widget-text-editor\" data-id=\"da2036e\" data-element_type=\"widget\" data-widget_type=\"text-editor.default\">\n\t\t\t\t\t\t\t\t\tAqu\u00ed comenzar\u00e1s un recorrido donde la misericordia y la gracia se distinguen con claridad, donde la voz del Esp\u00edritu Santo se vuelve cercana, y donde el libro de Romanos se levanta como manifiesto de libertad y vida.\n\t\t\t\t\t\t\t\t<\/div>\n\t\t\t\t<div class=\"elementor-element elementor-element-b634ad2 elementor-widget elementor-widget-text-editor\" data-id=\"b634ad2\" data-element_type=\"widget\" data-widget_type=\"text-editor.default\">\n\t\t\t\t\t\t\t\t\tEste no es solo un mensaje para entender. Es un camino para vivir.\n\t\t\t\t\t\t\t\t<\/div>\n\t\t\t\t<div class=\"elementor-element elementor-element-c67e38a elementor-align-left elementor-widget elementor-widget-button\" data-id=\"c67e38a\" data-element_type=\"widget\" data-widget_type=\"button.default\">\n\t\t\t\t\t\t\t\t\t\t<a class=\"elementor-button elementor-button-link elementor-size-sm\" href=\"http:\/\/caminandoenlagracia.com\/wp-content\/uploads\/2025\/11\/Descarga-gratis-el-libro.pdf\">\n\t\t\t\t\t\t<span class=\"elementor-button-content-wrapper\">\n\t\t\t\t\t\t\t\t\t<span class=\"elementor-button-text\">Leer vista previa<\/span>\n\t\t\t\t\t<\/span>\n\t\t\t\t\t<\/a>\n\t\t\t\t\t\t\t\t<\/div>\n\t\t\t\t<div class=\"elementor-element elementor-element-c637614 elementor-align-left elementor-widget elementor-widget-button\" data-id=\"c637614\" data-element_type=\"widget\" data-widget_type=\"button.default\">\n\t\t\t\t\t\t\t\t\t\t<a class=\"elementor-button elementor-button-link elementor-size-sm\" href=\"https:\/\/youtu.be\/kuScFZk6g6o\">\n\t\t\t\t\t\t<span class=\"elementor-button-content-wrapper\">\n\t\t\t\t\t\t\t\t\t<span class=\"elementor-button-text\">Caminando en la gracia ch1<\/span>\n\t\t\t\t\t<\/span>\n\t\t\t\t\t<\/a>\n\t\t\t\t\t\t\t\t<\/div>\n\t\t\t\t<div class=\"elementor-element elementor-element-dd603b6 elementor-align-left elementor-widget elementor-widget-button\" data-id=\"dd603b6\" data-element_type=\"widget\" data-widget_type=\"button.default\">\n\t\t\t\t\t\t\t\t\t\t<a class=\"elementor-button elementor-button-link elementor-size-sm\" href=\"https:\/\/youtu.be\/N4dRLgS0BMg\">\n\t\t\t\t\t\t<span class=\"elementor-button-content-wrapper\">\n\t\t\t\t\t\t\t\t\t<span class=\"elementor-button-text\">Caminando en la gracia comercial<\/span>\n\t\t\t\t\t<\/span>\n\t\t\t\t\t<\/a>\n\t\t\t\t\t\t\t\t<\/div>\n\t\t\t\t<\/div>\n\t\t\t\t\t<\/div>\n\t\t\t\t<\/div>\n\t\t<div class=\"elementor-element elementor-element-c021d5b e-flex e-con-boxed e-con e-parent\" data-id=\"c021d5b\" data-element_type=\"container\" data-settings=\"{&quot;background_background&quot;:&quot;classic&quot;}\">\n\t\t\t\t\t<div class=\"e-con-inner\">\n\t\t\t\t<div class=\"elementor-element elementor-element-c56c5eb elementor-widget elementor-widget-heading\" data-id=\"c56c5eb\" data-element_type=\"widget\" data-widget_type=\"heading.default\">\n\t\t\t\t\t<h4 class=\"elementor-heading-title elementor-size-default\">No necesitas entenderlo todo para comenzar. <br>\nSolo necesitas dar el primer paso.<\/h4>\t\t\t\t<\/div>\n\t\t\t\t<div class=\"elementor-element elementor-element-8e26211 elementor-widget elementor-widget-heading\" data-id=\"8e26211\" data-element_type=\"widget\" data-widget_type=\"heading.default\">\n\t\t\t\t\t<h2 class=\"elementor-heading-title elementor-size-default\">Deja de esforzarte. |\nRecibe la gracia. |\nComienza el camino.<\/h2>\t\t\t\t<\/div>\n\t\t\t\t<div class=\"elementor-element elementor-element-181ee6a elementor-align-center elementor-widget elementor-widget-button\" data-id=\"181ee6a\" data-element_type=\"widget\" data-widget_type=\"button.default\">\n\t\t\t\t\t\t\t\t\t\t<a class=\"elementor-button elementor-button-link elementor-size-sm\" href=\"https:\/\/a.co\/d\/ibScfkk\">\n\t\t\t\t\t\t<span class=\"elementor-button-content-wrapper\">\n\t\t\t\t\t\t<span class=\"elementor-button-icon\">\n\t\t\t\t<svg aria-hidden=\"true\" class=\"e-font-icon-svg e-fab-amazon\" viewbox=\"0 0 448 512\" xmlns=\"http:\/\/www.w3.org\/2000\/svg\"><path d=\"M257.2 162.7c-48.7 1.8-169.5 15.5-169.5 117.5 0 109.5 138.3 114 183.5 43.2 6.5 10.2 35.4 37.5 45.3 46.8l56.8-56S341 288.9 341 261.4V114.3C341 89 316.5 32 228.7 32 140.7 32 94 87 94 136.3l73.5 6.8c16.3-49.5 54.2-49.5 54.2-49.5 40.7-.1 35.5 29.8 35.5 69.1zm0 86.8c0 80-84.2 68-84.2 17.2 0-47.2 50.5-56.7 84.2-57.8v40.6zm136 163.5c-7.7 10-70 67-174.5 67S34.2 408.5 9.7 379c-6.8-7.7 1-11.3 5.5-8.3C88.5 415.2 203 488.5 387.7 401c7.5-3.7 13.3 2 5.5 12zm39.8 2.2c-6.5 15.8-16 26.8-21.2 31-5.5 4.5-9.5 2.7-6.5-3.8s19.3-46.5 12.7-55c-6.5-8.3-37-4.3-48-3.2-10.8 1-13 2-14-.3-2.3-5.7 21.7-15.5 37.5-17.5 15.7-1.8 41-.8 46 5.7 3.7 5.1 0 27.1-6.5 43.1z\"><\/path><\/svg>\t\t\t<\/span>\n\t\t\t\t\t\t\t\t\t<span class=\"elementor-button-text\">Compra ahora en Amazon<\/span>\n\t\t\t\t\t<\/span>\n\t\t\t\t\t<\/a>\n\t\t\t\t\t\t\t\t<\/div>\n\t\t\t\t\t<\/div>\n\t\t\t\t<\/div>\n\t\t\t\t<\/div>","protected":false},"excerpt":{"rendered":"<p>About book About the Book Walking in Grace is not a theological treatise, nor a religious manual. It is an intimate journey into the heart of the Gospel: the grace of God revealed in Jesus Christ.Through fourteen chapters, Aten\u00f3genes Roca\u2014pastor, husband, and father\u2014opens his heart to share personal experiences and real testimonies that show how [&hellip;]<\/p>","protected":false},"author":2,"featured_media":0,"parent":0,"menu_order":0,"comment_status":"closed","ping_status":"closed","template":"elementor_header_footer","meta":{"footnotes":""},"class_list":["post-15","page","type-page","status-publish","hentry"],"_links":{"self":[{"href":"https:\/\/caminandoenlagracia.com\/es\/wp-json\/wp\/v2\/pages\/15","targetHints":{"allow":["GET"]}}],"collection":[{"href":"https:\/\/caminandoenlagracia.com\/es\/wp-json\/wp\/v2\/pages"}],"about":[{"href":"https:\/\/caminandoenlagracia.com\/es\/wp-json\/wp\/v2\/types\/page"}],"author":[{"embeddable":true,"href":"https:\/\/caminandoenlagracia.com\/es\/wp-json\/wp\/v2\/users\/2"}],"replies":[{"embeddable":true,"href":"https:\/\/caminandoenlagracia.com\/es\/wp-json\/wp\/v2\/comments?post=15"}],"version-history":[{"count":9,"href":"https:\/\/caminandoenlagracia.com\/es\/wp-json\/wp\/v2\/pages\/15\/revisions"}],"predecessor-version":[{"id":258,"href":"https:\/\/caminandoenlagracia.com\/es\/wp-json\/wp\/v2\/pages\/15\/revisions\/258"}],"wp:attachment":[{"href":"https:\/\/caminandoenlagracia.com\/es\/wp-json\/wp\/v2\/media?parent=15"}],"curies":[{"name":"wp","href":"https:\/\/api.w.org\/{rel}","templated":true}]}}