{"id":21,"date":"2025-11-03T15:10:27","date_gmt":"2025-11-03T15:10:27","guid":{"rendered":"https:\/\/caminandoenlagracia.com\/?page_id=21"},"modified":"2025-11-12T18:05:54","modified_gmt":"2025-11-12T18:05:54","slug":"home","status":"publish","type":"page","link":"https:\/\/caminandoenlagracia.com\/es\/","title":{"rendered":"Inicio"},"content":{"rendered":"<div data-elementor-type=\"wp-page\" data-elementor-id=\"21\" class=\"elementor elementor-21\" data-elementor-post-type=\"page\">\n\t\t\t\t<div class=\"elementor-element elementor-element-5e9a633 e-flex e-con-boxed e-con e-parent\" data-id=\"5e9a633\" data-element_type=\"container\" data-settings=\"{&quot;background_background&quot;:&quot;classic&quot;}\">\n\t\t\t\t\t<div class=\"e-con-inner\">\n\t\t\t\t<div class=\"elementor-element elementor-element-41300a2 elementor-widget elementor-widget-heading\" data-id=\"41300a2\" data-element_type=\"widget\" data-widget_type=\"heading.default\">\n\t\t\t\t\t<h2 class=\"elementor-heading-title elementor-size-default\">Caminando en Gracia\n<\/h2>\t\t\t\t<\/div>\n\t\t\t\t<div class=\"elementor-element elementor-element-9d699fe elementor-widget__width-initial elementor-widget elementor-widget-text-editor\" data-id=\"9d699fe\" data-element_type=\"widget\" data-widget_type=\"text-editor.default\">\n\t\t\t\t\t\t\t\t\tUn viaje\u2014no de religi\u00f3n, sino de encuentro.\n <br>\nEn un mundo cansado de reglas y esfuerzos vac\u00edos, este libro te invita a descansar en la gracia de una Persona. <br> Jesucristo.\t\t\t\t\t\t\t\t<\/div>\n\t\t\t\t<div class=\"elementor-element elementor-element-0e43dbd elementor-align-center elementor-widget elementor-widget-button\" data-id=\"0e43dbd\" data-element_type=\"widget\" data-widget_type=\"button.default\">\n\t\t\t\t\t\t\t\t\t\t<a class=\"elementor-button elementor-button-link elementor-size-sm\" href=\"https:\/\/a.co\/d\/ibScfkk\">\n\t\t\t\t\t\t<span class=\"elementor-button-content-wrapper\">\n\t\t\t\t\t\t<span class=\"elementor-button-icon\">\n\t\t\t\t<svg aria-hidden=\"true\" class=\"e-font-icon-svg e-fab-amazon\" viewbox=\"0 0 448 512\" xmlns=\"http:\/\/www.w3.org\/2000\/svg\"><path d=\"M257.2 162.7c-48.7 1.8-169.5 15.5-169.5 117.5 0 109.5 138.3 114 183.5 43.2 6.5 10.2 35.4 37.5 45.3 46.8l56.8-56S341 288.9 341 261.4V114.3C341 89 316.5 32 228.7 32 140.7 32 94 87 94 136.3l73.5 6.8c16.3-49.5 54.2-49.5 54.2-49.5 40.7-.1 35.5 29.8 35.5 69.1zm0 86.8c0 80-84.2 68-84.2 17.2 0-47.2 50.5-56.7 84.2-57.8v40.6zm136 163.5c-7.7 10-70 67-174.5 67S34.2 408.5 9.7 379c-6.8-7.7 1-11.3 5.5-8.3C88.5 415.2 203 488.5 387.7 401c7.5-3.7 13.3 2 5.5 12zm39.8 2.2c-6.5 15.8-16 26.8-21.2 31-5.5 4.5-9.5 2.7-6.5-3.8s19.3-46.5 12.7-55c-6.5-8.3-37-4.3-48-3.2-10.8 1-13 2-14-.3-2.3-5.7 21.7-15.5 37.5-17.5 15.7-1.8 41-.8 46 5.7 3.7 5.1 0 27.1-6.5 43.1z\"><\/path><\/svg>\t\t\t<\/span>\n\t\t\t\t\t\t\t\t\t<span class=\"elementor-button-text\">Compra ahora en Amazon<\/span>\n\t\t\t\t\t<\/span>\n\t\t\t\t\t<\/a>\n\t\t\t\t\t\t\t\t<\/div>\n\t\t\t\t\t<\/div>\n\t\t\t\t<\/div>\n\t\t<div class=\"elementor-element elementor-element-4d0f7d1 e-flex e-con-boxed e-con e-parent\" data-id=\"4d0f7d1\" data-element_type=\"container\" data-settings=\"{&quot;background_background&quot;:&quot;classic&quot;}\">\n\t\t\t\t\t<div class=\"e-con-inner\">\n\t\t\t\t<div class=\"elementor-element elementor-element-2ad6371 elementor-widget elementor-widget-heading\" data-id=\"2ad6371\" data-element_type=\"widget\" data-widget_type=\"heading.default\">\n\t\t\t\t\t<h2 class=\"elementor-heading-title elementor-size-default\">Para leer o escuchar un devocional, haz clic en el t\u00edtulo de abajo.\n<\/h2>\t\t\t\t<\/div>\n\t\t\t\t\t<\/div>\n\t\t\t\t<\/div>\n\t\t<div class=\"elementor-element elementor-element-426e8b9 e-flex e-con-boxed e-con e-parent\" data-id=\"426e8b9\" data-element_type=\"container\" data-settings=\"{&quot;background_background&quot;:&quot;classic&quot;}\">\n\t\t\t\t\t<div class=\"e-con-inner\">\n\t\t\t\t<div class=\"elementor-element elementor-element-70bf5d6 elementor-widget elementor-widget-video\" data-id=\"70bf5d6\" data-element_type=\"widget\" data-settings=\"{&quot;youtube_url&quot;:&quot;https:\\\/\\\/www.youtube.com\\\/watch?v=tFyZm1soDqc&quot;,&quot;video_type&quot;:&quot;youtube&quot;,&quot;controls&quot;:&quot;yes&quot;}\" data-widget_type=\"video.default\">\n\t\t\t\t\t\t\t<div class=\"elementor-wrapper elementor-open-inline\">\n\t\t\t<div class=\"elementor-video\"><\/div>\t\t<\/div>\n\t\t\t\t\t\t<\/div>\n\t\t\t\t\t<\/div>\n\t\t\t\t<\/div>\n\t\t<div class=\"elementor-element elementor-element-89e465c e-flex e-con-boxed e-con e-parent\" data-id=\"89e465c\" data-element_type=\"container\" data-settings=\"{&quot;background_background&quot;:&quot;classic&quot;}\">\n\t\t\t\t\t<div class=\"e-con-inner\">\n\t\t<div class=\"elementor-element elementor-element-d0e424a e-con-full e-flex e-con e-child\" data-id=\"d0e424a\" data-element_type=\"container\">\n\t\t\t\t<div class=\"elementor-element elementor-element-6a08d79 elementor-widget elementor-widget-image\" data-id=\"6a08d79\" data-element_type=\"widget\" data-widget_type=\"image.default\">\n\t\t\t\t\t\t\t\t\t\t\t\t\t\t\t<img fetchpriority=\"high\" decoding=\"async\" width=\"800\" height=\"651\" src=\"https:\/\/caminandoenlagracia.com\/wp-content\/uploads\/2025\/11\/Book-walking-in-Grace.png-1-1024x833.webp\" class=\"attachment-large size-large wp-image-43\" alt=\"\" srcset=\"https:\/\/caminandoenlagracia.com\/wp-content\/uploads\/2025\/11\/Book-walking-in-Grace.png-1-1024x833.webp 1024w, https:\/\/caminandoenlagracia.com\/wp-content\/uploads\/2025\/11\/Book-walking-in-Grace.png-1-300x244.webp 300w, https:\/\/caminandoenlagracia.com\/wp-content\/uploads\/2025\/11\/Book-walking-in-Grace.png-1-768x625.webp 768w, https:\/\/caminandoenlagracia.com\/wp-content\/uploads\/2025\/11\/Book-walking-in-Grace.png-1-1536x1249.webp 1536w, https:\/\/caminandoenlagracia.com\/wp-content\/uploads\/2025\/11\/Book-walking-in-Grace.png-1-2048x1666.webp 2048w\" sizes=\"(max-width: 800px) 100vw, 800px\" \/>\t\t\t\t\t\t\t\t\t\t\t\t\t\t\t<\/div>\n\t\t\t\t<\/div>\n\t\t<div class=\"elementor-element elementor-element-e64d132 e-con-full e-flex e-con e-child\" data-id=\"e64d132\" data-element_type=\"container\">\n\t\t\t\t<div class=\"elementor-element elementor-element-39c4926 elementor-widget elementor-widget-heading\" data-id=\"39c4926\" data-element_type=\"widget\" data-widget_type=\"heading.default\">\n\t\t\t\t\t<h2 class=\"elementor-heading-title elementor-size-default\">Un libro que camina contigo<\/h2>\t\t\t\t<\/div>\n\t\t\t\t<div class=\"elementor-element elementor-element-fdc39be elementor-widget elementor-widget-text-editor\" data-id=\"fdc39be\" data-element_type=\"widget\" data-widget_type=\"text-editor.default\">\n\t\t\t\t\t\t\t\t\tCaminando en Gracia no es un manual que seguir, ni una teolog\u00eda que dominar.\nEs una voz que susurra en el silencio de la p\u00e9rdida, la infertilidad, la enfermedad, la escasez y los corazones quebrantados: \u201cLa gracia est\u00e1 aqu\u00ed. Y tiene nombre.\u201d\t\t\t\t\t\t\t\t<\/div>\n\t\t\t\t<div class=\"elementor-element elementor-element-23d5272 elementor-widget elementor-widget-text-editor\" data-id=\"23d5272\" data-element_type=\"widget\" data-widget_type=\"text-editor.default\">\n\t\t\t\t\t\t\t\t\tA lo largo de catorce cap\u00edtulos, Aten\u00f3genes Roca abre las puertas de la vida real \u2014el dolor y la esperanza, la oraci\u00f3n y la espera\u2014 y revela c\u00f3mo la gracia no nos espera en la meta, sino que nos encuentra en medio del desierto.\nEste es un di\u00e1logo entre tu alma y Dios. Entre lo que duele y lo que sana.\t\t\t\t\t\t\t\t<\/div>\n\t\t\t\t<\/div>\n\t\t\t\t\t<\/div>\n\t\t\t\t<\/div>\n\t\t<div class=\"elementor-element elementor-element-c2926a8 e-flex e-con-boxed e-con e-parent\" data-id=\"c2926a8\" data-element_type=\"container\" data-settings=\"{&quot;background_background&quot;:&quot;classic&quot;}\">\n\t\t\t\t\t<div class=\"e-con-inner\">\n\t\t<div class=\"elementor-element elementor-element-d1f2629 e-con-full e-flex e-con e-child\" data-id=\"d1f2629\" data-element_type=\"container\">\n\t\t\t\t<div class=\"elementor-element elementor-element-c512b76 elementor-widget elementor-widget-image\" data-id=\"c512b76\" data-element_type=\"widget\" data-widget_type=\"image.default\">\n\t\t\t\t\t\t\t\t\t\t\t\t\t\t\t<img decoding=\"async\" width=\"2560\" height=\"1849\" src=\"https:\/\/caminandoenlagracia.com\/wp-content\/uploads\/2025\/11\/Books-Walking-In-Grace.png-scaled.webp\" class=\"attachment-full size-full wp-image-48\" alt=\"\" srcset=\"https:\/\/caminandoenlagracia.com\/wp-content\/uploads\/2025\/11\/Books-Walking-In-Grace.png-scaled.webp 2560w, https:\/\/caminandoenlagracia.com\/wp-content\/uploads\/2025\/11\/Books-Walking-In-Grace.png-300x217.webp 300w, https:\/\/caminandoenlagracia.com\/wp-content\/uploads\/2025\/11\/Books-Walking-In-Grace.png-1024x740.webp 1024w, https:\/\/caminandoenlagracia.com\/wp-content\/uploads\/2025\/11\/Books-Walking-In-Grace.png-768x555.webp 768w, https:\/\/caminandoenlagracia.com\/wp-content\/uploads\/2025\/11\/Books-Walking-In-Grace.png-1536x1109.webp 1536w, https:\/\/caminandoenlagracia.com\/wp-content\/uploads\/2025\/11\/Books-Walking-In-Grace.png-2048x1479.webp 2048w\" sizes=\"(max-width: 2560px) 100vw, 2560px\" \/>\t\t\t\t\t\t\t\t\t\t\t\t\t\t\t<\/div>\n\t\t\t\t<\/div>\n\t\t<div class=\"elementor-element elementor-element-75a0f7b e-con-full e-flex e-con e-child\" data-id=\"75a0f7b\" data-element_type=\"container\">\n\t\t\t\t<div class=\"elementor-element elementor-element-dd8378d elementor-widget elementor-widget-heading\" data-id=\"dd8378d\" data-element_type=\"widget\" data-widget_type=\"heading.default\">\n\t\t\t\t\t<h2 class=\"elementor-heading-title elementor-size-default\">Por qu\u00e9 este libro importa<\/h2>\t\t\t\t<\/div>\n\t\t\t\t<div class=\"elementor-element elementor-element-60fb499 elementor-widget elementor-widget-text-editor\" data-id=\"60fb499\" data-element_type=\"widget\" data-widget_type=\"text-editor.default\">\n\t\t\t\t\t\t\t\t\t<strong>Este libro es para quienes:<\/strong> <br> <br>\n<ul>\n \t<li data-start=\"1400\" data-end=\"1453\">\n<p data-start=\"1402\" data-end=\"1453\">Han intentado ser \u201clo suficientemente buenos\u201d y est\u00e1n cansados.<\/p>\n<\/li>\n \t<li data-start=\"1454\" data-end=\"1505\">\n<p data-start=\"1456\" data-end=\"1505\">Conocen acerca de Dios, pero anhelan encontrarse con \u00c9l de manera personal.<\/p>\n<\/li>\n \t<li data-start=\"1506\" data-end=\"1552\">\n<p data-start=\"1508\" data-end=\"1552\">Llevan heridas que la religi\u00f3n no pudo sanar.<\/p>\n<\/li>\n \t<li data-start=\"1553\" data-end=\"1615\">\n<p data-start=\"1555\" data-end=\"1615\">Quieren entender la diferencia entre la misericordia y la gracia.<\/p>\n<\/li>\n \t<li data-start=\"1616\" data-end=\"1668\">\n<p data-start=\"1618\" data-end=\"1668\">Desean caminar \u2014con l\u00e1grimas si es necesario\u2014 pero no solos.<\/p>\n<\/li>\n<\/ul>\t\t\t\t\t\t\t\t<\/div>\n\t\t\t\t<div class=\"elementor-element elementor-element-66e9cfb elementor-widget elementor-widget-text-editor\" data-id=\"66e9cfb\" data-element_type=\"widget\" data-widget_type=\"text-editor.default\">\n\t\t\t\t\t\t\t\t\t<strong>Cada cap\u00edtulo ofrece:<\/strong>\n<br>\n\u2713 Historias de vida y testimonios reales<br>\n\u2713 Frases ancla que guardar\u00e1s en el coraz\u00f3n<br>\n\u2713 Oraciones devocionales<br>\n\u2713 Espacio para reflexionar y responder\t\t\t\t\t\t\t\t<\/div>\n\t\t\t\t<div class=\"elementor-element elementor-element-fc7d389 elementor-widget elementor-widget-text-editor\" data-id=\"fc7d389\" data-element_type=\"widget\" data-widget_type=\"text-editor.default\">\n\t\t\t\t\t\t\t\t\t<strong>Esto no es solo un mensaje para leer. Es un camino para vivir.<\/strong>\t\t\t\t\t\t\t\t<\/div>\n\t\t\t\t<\/div>\n\t\t\t\t\t<\/div>\n\t\t\t\t<\/div>\n\t\t<div class=\"elementor-element elementor-element-eec292f e-flex e-con-boxed e-con e-parent\" data-id=\"eec292f\" data-element_type=\"container\" data-settings=\"{&quot;background_background&quot;:&quot;classic&quot;}\">\n\t\t\t\t\t<div class=\"e-con-inner\">\n\t\t<div class=\"elementor-element elementor-element-6ba7489 e-con-full e-flex e-con e-child\" data-id=\"6ba7489\" data-element_type=\"container\">\n\t\t\t\t<div class=\"elementor-element elementor-element-d614f4a elementor-widget elementor-widget-image\" data-id=\"d614f4a\" data-element_type=\"widget\" data-widget_type=\"image.default\">\n\t\t\t\t\t\t\t\t\t\t\t\t\t\t\t<img decoding=\"async\" width=\"1707\" height=\"2560\" src=\"https:\/\/caminandoenlagracia.com\/wp-content\/uploads\/2025\/11\/IMG_5240-scaled.jpeg\" class=\"attachment-full size-full wp-image-27\" alt=\"\" srcset=\"https:\/\/caminandoenlagracia.com\/wp-content\/uploads\/2025\/11\/IMG_5240-scaled.jpeg 1707w, https:\/\/caminandoenlagracia.com\/wp-content\/uploads\/2025\/11\/IMG_5240-200x300.jpeg 200w, https:\/\/caminandoenlagracia.com\/wp-content\/uploads\/2025\/11\/IMG_5240-683x1024.jpeg 683w, https:\/\/caminandoenlagracia.com\/wp-content\/uploads\/2025\/11\/IMG_5240-768x1152.jpeg 768w, https:\/\/caminandoenlagracia.com\/wp-content\/uploads\/2025\/11\/IMG_5240-1024x1536.jpeg 1024w, https:\/\/caminandoenlagracia.com\/wp-content\/uploads\/2025\/11\/IMG_5240-1365x2048.jpeg 1365w\" sizes=\"(max-width: 1707px) 100vw, 1707px\" \/>\t\t\t\t\t\t\t\t\t\t\t\t\t\t\t<\/div>\n\t\t\t\t<\/div>\n\t\t<div class=\"elementor-element elementor-element-b40a961 e-con-full e-flex e-con e-child\" data-id=\"b40a961\" data-element_type=\"container\">\n\t\t\t\t<div class=\"elementor-element elementor-element-69b0bc1 elementor-widget elementor-widget-heading\" data-id=\"69b0bc1\" data-element_type=\"widget\" data-widget_type=\"heading.default\">\n\t\t\t\t\t<h2 class=\"elementor-heading-title elementor-size-default\">Conoce a Aten\u00f3genes Roca<\/h2>\t\t\t\t<\/div>\n\t\t\t\t<div class=\"elementor-element elementor-element-46ac539 elementor-widget elementor-widget-heading\" data-id=\"46ac539\" data-element_type=\"widget\" data-widget_type=\"heading.default\">\n\t\t\t\t\t<h2 class=\"elementor-heading-title elementor-size-default\">Sobre el Autor\n<\/h2>\t\t\t\t<\/div>\n\t\t\t\t<div class=\"elementor-element elementor-element-382cfca elementor-widget elementor-widget-text-editor\" data-id=\"382cfca\" data-element_type=\"widget\" data-widget_type=\"text-editor.default\">\n\t\t\t\t\t\t\t\t\t<b>Aten\u00f3genes Roca <\/b><span style=\"font-weight: 400;\">es esposo, padre, pastor y consejero espiritual, con m\u00e1s de tres d\u00e9cadas de ministerio en comunidades cristianas de habla hispana. A lo largo de su caminar pastoral, se ha caracterizado por su acompa\u00f1amiento cercano y su mensaje centrado en la gracia como fuerza transformadora del alma.<\/span>\t\t\t\t\t\t\t\t<\/div>\n\t\t\t\t<div class=\"elementor-element elementor-element-31ca416 elementor-widget elementor-widget-text-editor translation-block\" data-id=\"31ca416\" data-element_type=\"widget\" data-widget_type=\"text-editor.default\">Su voz devocional nace de una comprensi\u00f3n viva del evangelio: la gracia como un regalo inmerecido, revelado en la obra redentora de Jesucristo. M\u00e1s que transmitir doctrina, Aten\u00f3genes busca provocar encuentros diarios con el Esp\u00edritu Santo \u2014encuentros que sanan, renuevan y encienden la fe.<\/div>\n\t\t\t\t<div class=\"elementor-element elementor-element-997b925 elementor-widget elementor-widget-text-editor translation-block\" data-id=\"997b925\" data-element_type=\"widget\" data-widget_type=\"text-editor.default\">\u201cCaminando en la Gracia\u201d es su primera obra publicada. No surgi\u00f3 desde la comodidad, sino desde el desierto; desde oraciones sostenidas en silencio, desde historias reales de restauraci\u00f3n y desde la certeza de que ning\u00fan coraz\u00f3n est\u00e1 tan lejos como para que la gracia no lo alcance.<\/div>\n\t\t\t\t<div class=\"elementor-element elementor-element-2948215 elementor-widget elementor-widget-text-editor translation-block\" data-id=\"2948215\" data-element_type=\"widget\" data-widget_type=\"text-editor.default\">\u201cLa gracia no es un tema. Es una persona: Jesucristo. Y cuando la conoces, ya no puedes caminar igual.\u201d\n\u2014Aten\u00f3genes Roca.<\/div>\n\t\t\t\t<div class=\"elementor-element elementor-element-5c68169 elementor-align-left elementor-widget elementor-widget-button\" data-id=\"5c68169\" data-element_type=\"widget\" data-widget_type=\"button.default\">\n\t\t\t\t\t\t\t\t\t\t<a class=\"elementor-button elementor-button-link elementor-size-sm\" href=\"https:\/\/caminandoenlagracia.com\/es\/contact-us\/\">\n\t\t\t\t\t\t<span class=\"elementor-button-content-wrapper\">\n\t\t\t\t\t\t\t\t\t<span class=\"elementor-button-text\">Contacto<\/span>\n\t\t\t\t\t<\/span>\n\t\t\t\t\t<\/a>\n\t\t\t\t\t\t\t\t<\/div>\n\t\t\t\t<\/div>\n\t\t\t\t\t<\/div>\n\t\t\t\t<\/div>\n\t\t<div class=\"elementor-element elementor-element-2ebbeb9 e-flex e-con-boxed e-con e-parent\" data-id=\"2ebbeb9\" data-element_type=\"container\" data-settings=\"{&quot;background_background&quot;:&quot;classic&quot;}\">\n\t\t\t\t\t<div class=\"e-con-inner\">\n\t\t\t\t<div class=\"elementor-element elementor-element-be6df05 elementor-widget elementor-widget-video\" data-id=\"be6df05\" data-element_type=\"widget\" data-settings=\"{&quot;video_type&quot;:&quot;hosted&quot;,&quot;controls&quot;:&quot;yes&quot;}\" data-widget_type=\"video.default\">\n\t\t\t\t\t\t\t<div class=\"e-hosted-video elementor-wrapper elementor-open-inline\">\n\t\t\t\t\t<video class=\"elementor-video\" src=\"http:\/\/caminandoenlagracia.com\/wp-content\/uploads\/2025\/11\/About-Author-1.mp4\" controls=\"\" preload=\"metadata\" controlslist=\"nodownload\"><\/video>\n\t\t\t\t<\/div>\n\t\t\t\t\t\t<\/div>\n\t\t\t\t\t<\/div>\n\t\t\t\t<\/div>\n\t\t<div class=\"elementor-element elementor-element-c889487 e-flex e-con-boxed e-con e-parent\" data-id=\"c889487\" data-element_type=\"container\" data-settings=\"{&quot;background_background&quot;:&quot;classic&quot;}\">\n\t\t\t\t\t<div class=\"e-con-inner\">\n\t\t\t\t<div class=\"elementor-element elementor-element-81ffb53 elementor-widget elementor-widget-heading\" data-id=\"81ffb53\" data-element_type=\"widget\" data-widget_type=\"heading.default\">\n\t\t\t\t\t<h4 class=\"elementor-heading-title elementor-size-default\">No necesitas entenderlo todo para comenzar. <br>\nSolo necesitas dar el primer paso.<\/h4>\t\t\t\t<\/div>\n\t\t\t\t<div class=\"elementor-element elementor-element-6d01091 elementor-widget elementor-widget-heading\" data-id=\"6d01091\" data-element_type=\"widget\" data-widget_type=\"heading.default\">\n\t\t\t\t\t<h2 class=\"elementor-heading-title elementor-size-default\">Deja de esforzarte. |\nRecibe la gracia. |\nComienza el camino.<\/h2>\t\t\t\t<\/div>\n\t\t\t\t<div class=\"elementor-element elementor-element-013e234 elementor-align-center elementor-widget elementor-widget-button\" data-id=\"013e234\" data-element_type=\"widget\" data-widget_type=\"button.default\">\n\t\t\t\t\t\t\t\t\t\t<a class=\"elementor-button elementor-button-link elementor-size-sm\" href=\"https:\/\/a.co\/d\/ibScfkk\">\n\t\t\t\t\t\t<span class=\"elementor-button-content-wrapper\">\n\t\t\t\t\t\t<span class=\"elementor-button-icon\">\n\t\t\t\t<svg aria-hidden=\"true\" class=\"e-font-icon-svg e-fab-amazon\" viewbox=\"0 0 448 512\" xmlns=\"http:\/\/www.w3.org\/2000\/svg\"><path d=\"M257.2 162.7c-48.7 1.8-169.5 15.5-169.5 117.5 0 109.5 138.3 114 183.5 43.2 6.5 10.2 35.4 37.5 45.3 46.8l56.8-56S341 288.9 341 261.4V114.3C341 89 316.5 32 228.7 32 140.7 32 94 87 94 136.3l73.5 6.8c16.3-49.5 54.2-49.5 54.2-49.5 40.7-.1 35.5 29.8 35.5 69.1zm0 86.8c0 80-84.2 68-84.2 17.2 0-47.2 50.5-56.7 84.2-57.8v40.6zm136 163.5c-7.7 10-70 67-174.5 67S34.2 408.5 9.7 379c-6.8-7.7 1-11.3 5.5-8.3C88.5 415.2 203 488.5 387.7 401c7.5-3.7 13.3 2 5.5 12zm39.8 2.2c-6.5 15.8-16 26.8-21.2 31-5.5 4.5-9.5 2.7-6.5-3.8s19.3-46.5 12.7-55c-6.5-8.3-37-4.3-48-3.2-10.8 1-13 2-14-.3-2.3-5.7 21.7-15.5 37.5-17.5 15.7-1.8 41-.8 46 5.7 3.7 5.1 0 27.1-6.5 43.1z\"><\/path><\/svg>\t\t\t<\/span>\n\t\t\t\t\t\t\t\t\t<span class=\"elementor-button-text\">Compra ahora en Amazon<\/span>\n\t\t\t\t\t<\/span>\n\t\t\t\t\t<\/a>\n\t\t\t\t\t\t\t\t<\/div>\n\t\t\t\t\t<\/div>\n\t\t\t\t<\/div>\n\t\t\t\t<\/div>","protected":false},"excerpt":{"rendered":"<p>Walking in Grace A journey\u2014not of religion, but of encounter. In a world tired of rules and empty striving, this book invites you to rest in the grace of a Person Jesus Christ. Buy Now on Amazon To read or listen to a devotional, click the title below. https:\/\/www.youtube.com\/watch?v=tFyZm1soDqc A Book That Walks With You [&hellip;]<\/p>","protected":false},"author":2,"featured_media":0,"parent":0,"menu_order":0,"comment_status":"closed","ping_status":"closed","template":"elementor_header_footer","meta":{"footnotes":""},"class_list":["post-21","page","type-page","status-publish","hentry"],"_links":{"self":[{"href":"https:\/\/caminandoenlagracia.com\/es\/wp-json\/wp\/v2\/pages\/21","targetHints":{"allow":["GET"]}}],"collection":[{"href":"https:\/\/caminandoenlagracia.com\/es\/wp-json\/wp\/v2\/pages"}],"about":[{"href":"https:\/\/caminandoenlagracia.com\/es\/wp-json\/wp\/v2\/types\/page"}],"author":[{"embeddable":true,"href":"https:\/\/caminandoenlagracia.com\/es\/wp-json\/wp\/v2\/users\/2"}],"replies":[{"embeddable":true,"href":"https:\/\/caminandoenlagracia.com\/es\/wp-json\/wp\/v2\/comments?post=21"}],"version-history":[{"count":9,"href":"https:\/\/caminandoenlagracia.com\/es\/wp-json\/wp\/v2\/pages\/21\/revisions"}],"predecessor-version":[{"id":255,"href":"https:\/\/caminandoenlagracia.com\/es\/wp-json\/wp\/v2\/pages\/21\/revisions\/255"}],"wp:attachment":[{"href":"https:\/\/caminandoenlagracia.com\/es\/wp-json\/wp\/v2\/media?parent=21"}],"curies":[{"name":"wp","href":"https:\/\/api.w.org\/{rel}","templated":true}]}}